{"id":2,"date":"2009-05-25T22:18:47","date_gmt":"2009-05-25T20:18:47","guid":{"rendered":"http:\/\/www.gsv-zwickau.de\/?page_id=2"},"modified":"2026-01-30T11:05:16","modified_gmt":"2026-01-30T10:05:16","slug":"impressum","status":"publish","type":"page","link":"http:\/\/www.gsv-zwickau.de\/?page_id=2","title":{"rendered":"Impressum"},"content":{"rendered":"<p><strong><span style=\"color: #000000;\">Sportb\u00fcro<\/span><\/strong><br><span style=\"color: #333333;\">Geh\u00f6rlosen Sportverein Zwickau 1924 e.V.<\/span><br><span style=\"color: #333333;\"> Am Sportzentrum 16<br>08132 M\u00fclsen<\/span><\/p>\n<p><strong><span style=\"line-height: 1.8; color: #333333;\">Registergericht<br><\/span><\/strong>Amtsgericht Chemnitz<br>VR- Nr. : 70256<br><span style=\"line-height: 1.8;\">Steuernummer: 227\/140\/07673<\/span><\/p>\n<p><span style=\"color: #000000;\"><strong>Adminwebmaster<\/strong><\/span><br>Norman Steinbach<br>norman_steinbach[at]t-online.de<\/p>\n<p><strong><span style=\"color: #800000;\"><span style=\"color: #000000;\">Haftungshinweise<\/span><br><\/span><\/strong>Alle Texte, Bilder, Grafiken und Symbole dieses Web-Angebots unterliegen dem Urheberrecht. Dieses muss jedoch nicht beim Betreiber liegen. Daher d\u00fcrfen die betreffenden Objekte nur nach ausdr\u00fccklicher Genehmigung des jeweiligen Urheberrechts-Inhabers vervielf\u00e4ltigt und an anderer Stelle hierbei besonders in anderen Web-Seiten) ver\u00f6ffentlicht werden.<\/p>\n<p>Trotz sorgf\u00e4ltiger Erstellung und Pr\u00fcfung f\u00fcr die Inhalte dieses Webauftrittes \u00fcbernehmen wir keine Garantie f\u00fcr die Aktualit\u00e4t, Richtigkeit, Vollst\u00e4ndigkeit oder Qualit\u00e4t der Informationen. Haftungsanspr\u00fcche sind grunds\u00e4tzlich ausgeschlossen, sofern unsererseits kein nachweislich vors\u00e4tzliches oder grob fahrl\u00e4ssiges Verschulden vorliegt. Wir behalten uns vor, Teile dieser Website ohne gesonderte Ank\u00fcndigung zu ver\u00e4ndern, zu erg\u00e4nzen, zu l\u00f6schen oder die Ver\u00f6ffentlichung zeitweise oder endg\u00fcltig einzustellen.<\/p>\n<p>F\u00fcr die Inhalte externer Links (fremde Websites) \u00fcbernehmen wir keine Haftung. F\u00fcr den Inhalt der verlinkten Seiten sind ausschlie\u00dflich deren Betreiber verantwortlich.<\/p>\n<p>&nbsp;<\/p>\n\n\n<p><\/p>\n","protected":false},"excerpt":{"rendered":"<p>Sportb\u00fcroGeh\u00f6rlosen Sportverein Zwickau 1924 e.V. Am Sportzentrum 1608132 M\u00fclsen RegistergerichtAmtsgericht ChemnitzVR- Nr. : 70256Steuernummer: 227\/140\/07673 AdminwebmasterNorman Steinbachnorman_steinbach[at]t-online.de HaftungshinweiseAlle Texte, Bilder, Grafiken und Symbole dieses Web-Angebots unterliegen dem Urheberrecht. Dieses muss jedoch nicht beim Betreiber liegen. Daher d\u00fcrfen die betreffenden Objekte nur nach ausdr\u00fccklicher Genehmigung des jeweiligen Urheberrechts-Inhabers vervielf\u00e4ltigt und an anderer Stelle hierbei besonders in [&hellip;]<\/p>\n","protected":false},"author":14,"featured_media":0,"parent":0,"menu_order":10,"comment_status":"closed","ping_status":"closed","template":"","meta":{"ngg_post_thumbnail":0},"_links":{"self":[{"href":"http:\/\/www.gsv-zwickau.de\/index.php?rest_route=\/wp\/v2\/pages\/2"}],"collection":[{"href":"http:\/\/www.gsv-zwickau.de\/index.php?rest_route=\/wp\/v2\/pages"}],"about":[{"href":"http:\/\/www.gsv-zwickau.de\/index.php?rest_route=\/wp\/v2\/types\/page"}],"author":[{"embeddable":true,"href":"http:\/\/www.gsv-zwickau.de\/index.php?rest_route=\/wp\/v2\/users\/14"}],"replies":[{"embeddable":true,"href":"http:\/\/www.gsv-zwickau.de\/index.php?rest_route=%2Fwp%2Fv2%2Fcomments&post=2"}],"version-history":[{"count":29,"href":"http:\/\/www.gsv-zwickau.de\/index.php?rest_route=\/wp\/v2\/pages\/2\/revisions"}],"predecessor-version":[{"id":10208,"href":"http:\/\/www.gsv-zwickau.de\/index.php?rest_route=\/wp\/v2\/pages\/2\/revisions\/10208"}],"wp:attachment":[{"href":"http:\/\/www.gsv-zwickau.de\/index.php?rest_route=%2Fwp%2Fv2%2Fmedia&parent=2"}],"curies":[{"name":"wp","href":"https:\/\/api.w.org\/{rel}","templated":true}]}}